{"id":964,"date":"2022-04-16T18:46:09","date_gmt":"2022-04-16T16:46:09","guid":{"rendered":"https:\/\/detourscanoe.fr\/?page_id=964"},"modified":"2026-03-14T12:32:31","modified_gmt":"2026-03-14T11:32:31","slug":"qui-sommes-nous","status":"publish","type":"page","link":"https:\/\/detourscanoe.fr\/?page_id=964","title":{"rendered":"Qui sommes-nous ?"},"content":{"rendered":"\n<div class=\"wp-block-group alignwide\"><div class=\"wp-block-group__inner-container is-layout-flow wp-block-group-is-layout-flow\">\n<div class=\"wp-block-media-text alignwide has-media-on-the-right is-stacked-on-mobile is-vertically-aligned-top has-background\" style=\"background-color:#eaf2db;grid-template-columns:auto 34%\"><div class=\"wp-block-media-text__content\">\n<p><\/p>\n\n\n\n<p class=\"has-drop-cap\" style=\"font-size:15px\">D<\/p>\n\n\n\n<p style=\"font-size:15px\">\u00e9tours dans l\u2019Eau est une association de protection et d\u00e9couverte de l\u2019environnement avec une dimension sportive de cano\u00e9, Kayak et p\u00eache de loisir.<br>C\u00f4t\u00e9 Naturalisme : Le but de cette association est de sensibiliser le grand public \u00e0 la d\u00e9couverte de la biodiversit\u00e9.<br>Observer, \u00e9couter, sentir, participer, apprendre la faune et la flore de la vall\u00e9e de l\u2019Argentonnay, c\u2019est l\u2019objectif que nous voulons transmettre afin de trouver un sens dans notre fa\u00e7on d\u2019aborder la nature et son environnement.<\/p>\n\n\n<div class=\"wp-block-image\">\n<figure class=\"aligncenter size-full is-resized\"><img fetchpriority=\"high\" decoding=\"async\" width=\"559\" height=\"419\" src=\"https:\/\/detourscanoe.fr\/wp-content\/uploads\/2022\/04\/3.jpg\" alt=\"\" class=\"wp-image-970\" style=\"width:427px;height:auto\" srcset=\"https:\/\/detourscanoe.fr\/wp-content\/uploads\/2022\/04\/3.jpg 559w, https:\/\/detourscanoe.fr\/wp-content\/uploads\/2022\/04\/3-300x225.jpg 300w\" sizes=\"(max-width: 559px) 100vw, 559px\" \/><\/figure><\/div>\n\n\n<p><\/p>\n\n\n\n<p><\/p>\n\n\n\n<div class=\"wp-block-columns is-layout-flex wp-container-core-columns-is-layout-9d6595d7 wp-block-columns-is-layout-flex\">\n<div class=\"wp-block-column is-layout-flow wp-block-column-is-layout-flow\" style=\"padding-top:var(--wp--preset--spacing--30);padding-right:var(--wp--preset--spacing--40);padding-bottom:var(--wp--preset--spacing--30);padding-left:var(--wp--preset--spacing--40)\"><div class=\"wp-block-image is-style-default\">\n<figure class=\"alignleft size-full is-resized\"><img decoding=\"async\" width=\"749\" height=\"353\" src=\"https:\/\/detourscanoe.fr\/wp-content\/uploads\/2022\/04\/2.jpg\" alt=\"\" class=\"wp-image-969\" style=\"aspect-ratio:2.1270588235294117;width:613px;height:auto\" srcset=\"https:\/\/detourscanoe.fr\/wp-content\/uploads\/2022\/04\/2.jpg 749w, https:\/\/detourscanoe.fr\/wp-content\/uploads\/2022\/04\/2-300x141.jpg 300w\" sizes=\"(max-width: 749px) 100vw, 749px\" \/><\/figure><\/div><\/div>\n<\/div>\n<\/div><figure class=\"wp-block-media-text__media\"><img decoding=\"async\" width=\"145\" height=\"200\" src=\"https:\/\/detourscanoe.fr\/wp-content\/uploads\/2022\/04\/1-5.jpg\" alt=\"\" class=\"wp-image-1011 size-full\"\/><\/figure><\/div>\n<\/div><\/div>\n\n\n\n<p><\/p>\n\n\n\n<div class=\"wp-block-media-text alignwide is-stacked-on-mobile has-nv-light-bg-background-color has-background\"><figure class=\"wp-block-media-text__media\"><img loading=\"lazy\" decoding=\"async\" width=\"1009\" height=\"600\" src=\"https:\/\/detourscanoe.fr\/wp-content\/uploads\/2022\/04\/5-1.jpg\" alt=\"\" class=\"wp-image-999 size-full\" srcset=\"https:\/\/detourscanoe.fr\/wp-content\/uploads\/2022\/04\/5-1.jpg 1009w, https:\/\/detourscanoe.fr\/wp-content\/uploads\/2022\/04\/5-1-300x178.jpg 300w, https:\/\/detourscanoe.fr\/wp-content\/uploads\/2022\/04\/5-1-768x457.jpg 768w\" sizes=\"(max-width: 1009px) 100vw, 1009px\" \/><\/figure><div class=\"wp-block-media-text__content\">\n<p class=\"has-drop-cap\" style=\"font-size:15px\"><strong>C<\/strong><\/p>\n\n\n\n<p><strong>\u00f4t\u00e9 sportif :<\/strong><br>L\u2019association dispose de nombreux cano\u00e9s et Kayaks pour une balade au bord de l\u2019eau en<br>famille.<br>Plusieurs possibilit\u00e9s : une sortie nature ou plus encore une sortie sportive au travers de l\u2019Argenton pour tous les \u00e2ges.<br>Des locations sont possibles avec ou sans animateur.<br>Plusieurs parcours sont r\u00e9alisables pour passer une tr\u00e8s bonne journ\u00e9e, soir\u00e9e.<br>N\u2019h\u00e9sitez pas \u00e0 nous contacter pour r\u00e9server votre cano\u00e9 et passez une superbe journ\u00e9e au bord de l\u2019eau !<\/p>\n<\/div><\/div>\n\n\n\n<p><\/p>\n\n\n\n<div class=\"wp-block-media-text alignwide has-media-on-the-right is-stacked-on-mobile has-background\" style=\"background-color:#f0deec;grid-template-columns:auto 17%\"><div class=\"wp-block-media-text__content\">\n<p class=\"has-drop-cap\"><strong>L&rsquo;animateur :<\/strong><br>L\u2019association tourne autour de Guillaume BITTON, notre fid\u00e8le animateur : passionn\u00e9 de nature, m\u00e9lomane, toujours avec le sourire, titulaire d\u2019un BPJEPS Cano\u00e9\/Kayak et d\u2019un BPJEPS P\u00eache de Loisir.<br>Il vous fera d\u00e9couvrir avec passion les Reptiles, Chiropt\u00e8res, les L\u00e9pidopt\u00e8res, les Amphibiens en passant par les Loutres et les Castors, esp\u00e8ces embl\u00e9matiques de l\u2019Argentonnay, \u2026<br>Guillaume \u00e0 une connaissance du territoire, il vous fera parcourir les coteaux de l\u2019Argentonnay pour observer la faune et la flore avec une vue magnifique sur le paysage.<br>Il vous emm\u00e8nera et vous fera partager ses connaissances naturalistes et musicales.<br>Guillaume \u00e9tudie aussi le comportement de la loutre et du castor dans la vall\u00e9e de l\u2019Argentonnay en partenariat avec les Techniciens de rivi\u00e8res et l\u2019OFB.<br>Plusieurs formules d\u2019animations existent (scolaires, adultes, petits et les grands \u2026).<br>Vous pouvez contacter Guillaume (-&gt; Contact).<\/p>\n<\/div><figure class=\"wp-block-media-text__media\"><img loading=\"lazy\" decoding=\"async\" width=\"150\" height=\"156\" src=\"https:\/\/detourscanoe.fr\/wp-content\/uploads\/2022\/04\/6-e1650220713405.jpg\" alt=\"\" class=\"wp-image-1002 size-full\"\/><\/figure><\/div>\n\n\n\n<p><\/p>\n\n\n\n<div class=\"wp-block-media-text alignwide is-stacked-on-mobile is-vertically-aligned-center has-background\" style=\"background-color:#f7f3c5;grid-template-columns:32% auto\"><figure class=\"wp-block-media-text__media\"><img loading=\"lazy\" decoding=\"async\" width=\"800\" height=\"600\" src=\"https:\/\/detourscanoe.fr\/wp-content\/uploads\/2022\/04\/7-1.jpg\" alt=\"\" class=\"wp-image-1004 size-full\" srcset=\"https:\/\/detourscanoe.fr\/wp-content\/uploads\/2022\/04\/7-1.jpg 800w, https:\/\/detourscanoe.fr\/wp-content\/uploads\/2022\/04\/7-1-300x225.jpg 300w, https:\/\/detourscanoe.fr\/wp-content\/uploads\/2022\/04\/7-1-768x576.jpg 768w\" sizes=\"(max-width: 800px) 100vw, 800px\" \/><\/figure><div class=\"wp-block-media-text__content\">\n<p class=\"has-drop-cap\"><strong>le bureau<\/strong><\/p>\n\n\n\n<p><\/p>\n\n\n\n<p><\/p>\n\n\n\n<p>2<strong> co-pr\u00e9sidents :<\/strong><\/p>\n\n\n\n<p>\u2013 BOUTELOUP Ianis<br>\u2013 GUEDON Nicolas<\/p>\n\n\n\n<p><strong>1 Secr\u00e9taire :<br><\/strong>&#8211; CHAUVIERE Florien<\/p>\n\n\n\n<p><strong>1 Tr\u00e9sorier :<\/strong><br>&#8211; FRAVRELIERE Olivier<\/p>\n\n\n\n<p><br>Sans oublier le conseil d\u2019administration avec Martin, Ga\u00ebl, Anthony, R\u00e9my, Thomas.<\/p>\n\n\n\n<p><strong>Merci \u00e0 eux !!<\/strong><\/p>\n\n\n\n<p>Triathlon des Vall\u00e9es :<\/p>\n\n\n\n<p>Cette manifestation repr\u00e9sente parfaitement l\u2019association, ce triathlon un peu particulier est compos\u00e9 de cano\u00e9s, de v\u00e9los puis de palets en doublette. Ambiance garantie, un tr\u00e8s bon moment \u00e0 partager qui a lieu le premier week-end de septembre.<\/p>\n\n\n\n<p>PS : Pour soutenir l\u2019association, n\u2019h\u00e9sitez pas \u00e0 adh\u00e9rer (page d\u2019accueil) et m\u00eame devenir b\u00e9n\u00e9voles<\/p>\n\n\n\n<p><strong>Merci \u00e0 vous !<\/strong><\/p>\n<\/div><\/div>\n\n\n\n<div class=\"wp-block-columns is-layout-flex wp-container-core-columns-is-layout-9d6595d7 wp-block-columns-is-layout-flex\">\n<div class=\"wp-block-column is-layout-flow wp-block-column-is-layout-flow\"><\/div>\n<\/div>\n\n\n\n<div class=\"wp-block-group has-background\" style=\"background-color:#eed7d7\"><div class=\"wp-block-group__inner-container is-layout-flow wp-block-group-is-layout-flow\">\n<p><\/p>\n<\/div><\/div>\n\n\n\n<p><\/p>\n","protected":false},"excerpt":{"rendered":"<p>D \u00e9tours dans l\u2019Eau est une association de protection et d\u00e9couverte de l\u2019environnement avec une dimension sportive de cano\u00e9, Kayak et p\u00eache de loisir.C\u00f4t\u00e9 Naturalisme : Le but de cette association est de sensibiliser le grand public \u00e0 la d\u00e9couverte de la biodiversit\u00e9.Observer, \u00e9couter, sentir, participer, apprendre la faune et la flore de la vall\u00e9e&hellip;&nbsp;<a href=\"https:\/\/detourscanoe.fr\/?page_id=964\" rel=\"bookmark\">Lire la suite &raquo;<span class=\"screen-reader-text\">Qui sommes-nous ?<\/span><\/a><\/p>\n","protected":false},"author":1,"featured_media":969,"parent":0,"menu_order":0,"comment_status":"closed","ping_status":"closed","template":"","meta":{"neve_meta_sidebar":"full-width","neve_meta_container":"full-width","neve_meta_enable_content_width":"on","neve_meta_content_width":100,"neve_meta_title_alignment":"center","neve_meta_author_avatar":"","neve_post_elements_order":"","neve_meta_disable_header":"","neve_meta_disable_footer":"","neve_meta_disable_title":"","footnotes":""},"class_list":["post-964","page","type-page","status-publish","has-post-thumbnail","hentry"],"jetpack_sharing_enabled":true,"_links":{"self":[{"href":"https:\/\/detourscanoe.fr\/index.php?rest_route=\/wp\/v2\/pages\/964","targetHints":{"allow":["GET"]}}],"collection":[{"href":"https:\/\/detourscanoe.fr\/index.php?rest_route=\/wp\/v2\/pages"}],"about":[{"href":"https:\/\/detourscanoe.fr\/index.php?rest_route=\/wp\/v2\/types\/page"}],"author":[{"embeddable":true,"href":"https:\/\/detourscanoe.fr\/index.php?rest_route=\/wp\/v2\/users\/1"}],"replies":[{"embeddable":true,"href":"https:\/\/detourscanoe.fr\/index.php?rest_route=%2Fwp%2Fv2%2Fcomments&post=964"}],"version-history":[{"count":47,"href":"https:\/\/detourscanoe.fr\/index.php?rest_route=\/wp\/v2\/pages\/964\/revisions"}],"predecessor-version":[{"id":3728,"href":"https:\/\/detourscanoe.fr\/index.php?rest_route=\/wp\/v2\/pages\/964\/revisions\/3728"}],"wp:featuredmedia":[{"embeddable":true,"href":"https:\/\/detourscanoe.fr\/index.php?rest_route=\/wp\/v2\/media\/969"}],"wp:attachment":[{"href":"https:\/\/detourscanoe.fr\/index.php?rest_route=%2Fwp%2Fv2%2Fmedia&parent=964"}],"curies":[{"name":"wp","href":"https:\/\/api.w.org\/{rel}","templated":true}]}}