{"id":350,"date":"2021-02-28T18:10:59","date_gmt":"2021-02-28T17:10:59","guid":{"rendered":"http:\/\/detourscanoe.fr\/?page_id=350"},"modified":"2023-03-28T20:59:24","modified_gmt":"2023-03-28T18:59:24","slug":"nos-partenaires","status":"publish","type":"page","link":"https:\/\/detourscanoe.fr\/?page_id=350","title":{"rendered":"Nos partenaires"},"content":{"rendered":"\t\t<div data-elementor-type=\"wp-page\" data-elementor-id=\"350\" class=\"elementor elementor-350\">\n\t\t\t\t\t\t<section class=\"elementor-section elementor-top-section elementor-element elementor-element-475b651c elementor-section-boxed elementor-section-height-default elementor-section-height-default\" data-id=\"475b651c\" data-element_type=\"section\" data-e-type=\"section\">\n\t\t\t\t\t\t<div class=\"elementor-container elementor-column-gap-default\">\n\t\t\t\t\t<div class=\"elementor-column elementor-col-100 elementor-top-column elementor-element elementor-element-10c85976\" data-id=\"10c85976\" data-element_type=\"column\" data-e-type=\"column\">\n\t\t\t<div class=\"elementor-widget-wrap elementor-element-populated\">\n\t\t\t\t\t\t<div class=\"elementor-element elementor-element-586ce34d elementor-widget elementor-widget-text-editor\" data-id=\"586ce34d\" data-element_type=\"widget\" data-e-type=\"widget\" data-widget_type=\"text-editor.default\">\n\t\t\t\t<div class=\"elementor-widget-container\">\n\t\t\t\t\t\t\t\t\t\n<div class=\"wp-block-group alignfull has-background-background-color has-background\"><div class=\"wp-block-group__inner-container is-layout-flow wp-block-group-is-layout-flow\">\n<h4 class=\"has-text-align-center wp-block-heading\"><strong>Vall\u00e9e de l&rsquo;Argenton<\/strong><\/h4>\n\n\n\n<p class=\"has-text-align-center has-large-font-size\">Le site NATURA 2000 \u00ab<strong>&nbsp;Vall\u00e9e de l&rsquo;Argenton<\/strong>&nbsp;\u00bb<\/p>\n\n\n\n<div class=\"wp-block-image\"><figure class=\"aligncenter\"><a href=\"http:\/\/valleeargenton.n2000.fr\/\"><img decoding=\"async\" src=\"https:\/\/detourscanoe.fr\/wp-content\/uploads\/2021\/03\/image.png\" alt=\"Cette image a un attribut alt vide\u00a0; le nom du fichier est image.png\"\/><\/a><\/figure><\/div>\n\n\n\n<div class=\"wp-block-group alignfull has-background-background-color has-background\"><div class=\"wp-block-group__inner-container is-layout-flow wp-block-group-is-layout-flow\">\n<h4 class=\"has-text-align-center wp-block-heading\"><strong><strong>&nbsp;<strong>Deux-S\u00e8vres Nature Environnement<\/strong>&nbsp;(DSNE)&nbsp;<\/strong><\/strong><\/h4>\n\n\n\n<div class=\"wp-block-image\"><figure class=\"aligncenter size-large\"><a href=\"https:\/\/www.dsne.org\/\"><img fetchpriority=\"high\" decoding=\"async\" width=\"400\" height=\"140\" src=\"https:\/\/detourscanoe.fr\/wp-content\/uploads\/2021\/03\/image-2.png\" alt=\"\" class=\"wp-image-497\" srcset=\"https:\/\/detourscanoe.fr\/wp-content\/uploads\/2021\/03\/image-2.png 400w, https:\/\/detourscanoe.fr\/wp-content\/uploads\/2021\/03\/image-2-300x105.png 300w\" sizes=\"(max-width: 400px) 100vw, 400px\" \/><\/a><\/figure><\/div>\n<\/div><\/div>\n<\/div><\/div>\n\n\n\n<div class=\"wp-block-group alignfull has-background-background-color has-background\"><div class=\"wp-block-group__inner-container is-layout-flow wp-block-group-is-layout-flow\">\n<h4 class=\"has-text-align-center wp-block-heading\"><strong><strong>&nbsp;<strong>L&rsquo;Office fran\u00e7ais de la biodiversit\u00e9<\/strong><\/strong><\/strong><\/h4>\n\n\n\n<div class=\"wp-block-image\"><figure class=\"aligncenter size-large\"><a href=\"http:\/\/www.ofb.gouv.fr\/\"><img decoding=\"async\" width=\"320\" height=\"156\" src=\"https:\/\/detourscanoe.fr\/wp-content\/uploads\/2021\/03\/image-3.png\" alt=\"\" class=\"wp-image-500\" srcset=\"https:\/\/detourscanoe.fr\/wp-content\/uploads\/2021\/03\/image-3.png 320w, https:\/\/detourscanoe.fr\/wp-content\/uploads\/2021\/03\/image-3-300x146.png 300w\" sizes=\"(max-width: 320px) 100vw, 320px\" \/><\/a><\/figure><\/div>\n<\/div><\/div>\n\n\n\n<div class=\"wp-block-group alignfull has-background-background-color has-background\"><div class=\"wp-block-group__inner-container is-layout-flow wp-block-group-is-layout-flow\">\n<h4 class=\"has-text-align-center wp-block-heading\"><strong><strong>&nbsp;<strong>Thouars canoe kayak<\/strong><\/strong><\/strong><\/h4>\n\n\n\n<div class=\"wp-block-image\"><figure class=\"aligncenter size-large\"><a href=\"http:\/\/www.thouarscanoekayak.fr\/\"><img decoding=\"async\" width=\"284\" height=\"240\" src=\"https:\/\/detourscanoe.fr\/wp-content\/uploads\/2021\/03\/image-4.png\" alt=\"\" class=\"wp-image-501\"\/><\/a><\/figure><\/div>\n<\/div><\/div>\n\n\n\n<div class=\"wp-block-group alignfull has-background-background-color has-background\"><div class=\"wp-block-group__inner-container is-layout-flow wp-block-group-is-layout-flow\">\n<h4 class=\"has-text-align-center wp-block-heading\"><strong><strong><strong>LA VALL\u00c9E DU THOUET<\/strong><\/strong><\/strong><\/h4>\n\n\n\n<div class=\"wp-block-image\"><figure class=\"aligncenter size-large\"><a href=\"https:\/\/www.valleeduthouet.fr\/\"><img loading=\"lazy\" decoding=\"async\" width=\"242\" height=\"240\" src=\"https:\/\/detourscanoe.fr\/wp-content\/uploads\/2021\/03\/image-5.png\" alt=\"\" class=\"wp-image-502\" srcset=\"https:\/\/detourscanoe.fr\/wp-content\/uploads\/2021\/03\/image-5.png 242w, https:\/\/detourscanoe.fr\/wp-content\/uploads\/2021\/03\/image-5-150x150.png 150w\" sizes=\"(max-width: 242px) 100vw, 242px\" \/><\/a><\/figure><\/div>\n<\/div><\/div>\n\n\n\n<div class=\"wp-block-group alignfull has-background-background-color has-background\"><div class=\"wp-block-group__inner-container is-layout-flow wp-block-group-is-layout-flow\">\n<h4 class=\"has-text-align-center wp-block-heading\"><strong><strong><strong>BOCAGE PAYS BRANCH\u00c9<\/strong><\/strong><\/strong><\/h4>\n\n\n\n<div class=\"wp-block-image\"><figure class=\"aligncenter size-large\"><a href=\"https:\/\/bocagepaysbranche.fr\/\"><img loading=\"lazy\" decoding=\"async\" width=\"277\" height=\"400\" src=\"https:\/\/detourscanoe.fr\/wp-content\/uploads\/2021\/03\/image-6.png\" alt=\"\" class=\"wp-image-503\" srcset=\"https:\/\/detourscanoe.fr\/wp-content\/uploads\/2021\/03\/image-6.png 277w, https:\/\/detourscanoe.fr\/wp-content\/uploads\/2021\/03\/image-6-208x300.png 208w\" sizes=\"(max-width: 277px) 100vw, 277px\" \/><\/a><\/figure><\/div>\n<\/div><\/div>\n\n\n\n<div class=\"wp-block-group alignfull has-background-background-color has-background\"><div class=\"wp-block-group__inner-container is-layout-flow wp-block-group-is-layout-flow\">\n<h4 class=\"has-text-align-center wp-block-heading\"><strong><strong><strong><strong>L&rsquo;Agglom\u00e9ration&nbsp;du&nbsp;Bocage&nbsp;Bressuirais<\/strong><\/strong><\/strong><\/strong><\/h4>\n\n\n\n<div class=\"wp-block-image\"><figure class=\"aligncenter size-large is-resized\"><a href=\"https:\/\/www.agglo2b.fr\/\"><img loading=\"lazy\" decoding=\"async\" src=\"https:\/\/detourscanoe.fr\/wp-content\/uploads\/2021\/03\/image-1.png\" alt=\"\" class=\"wp-image-494\" width=\"402\" height=\"284\" srcset=\"https:\/\/detourscanoe.fr\/wp-content\/uploads\/2021\/03\/image-1.png 400w, https:\/\/detourscanoe.fr\/wp-content\/uploads\/2021\/03\/image-1-300x212.png 300w\" sizes=\"(max-width: 402px) 100vw, 402px\" \/><\/a><\/figure><\/div>\n<\/div><\/div>\n\t\t\t\t\t\t\t\t<\/div>\n\t\t\t\t<\/div>\n\t\t\t\t\t<\/div>\n\t\t<\/div>\n\t\t\t\t\t<\/div>\n\t\t<\/section>\n\t\t\t\t<\/div>\n\t\t","protected":false},"excerpt":{"rendered":"<p>Vall\u00e9e de l&rsquo;Argenton Le site NATURA 2000 \u00ab&nbsp;Vall\u00e9e de l&rsquo;Argenton&nbsp;\u00bb &nbsp;Deux-S\u00e8vres Nature Environnement&nbsp;(DSNE)&nbsp; &nbsp;L&rsquo;Office fran\u00e7ais de la biodiversit\u00e9 &nbsp;Thouars canoe kayak LA VALL\u00c9E DU THOUET BOCAGE PAYS BRANCH\u00c9 L&rsquo;Agglom\u00e9ration&nbsp;du&nbsp;Bocage&nbsp;Bressuirais<\/p>\n","protected":false},"author":1,"featured_media":935,"parent":0,"menu_order":0,"comment_status":"closed","ping_status":"closed","template":"","meta":{"neve_meta_sidebar":"","neve_meta_container":"","neve_meta_enable_content_width":"","neve_meta_content_width":0,"neve_meta_title_alignment":"","neve_meta_author_avatar":"","neve_post_elements_order":"","neve_meta_disable_header":"","neve_meta_disable_footer":"","neve_meta_disable_title":"","footnotes":""},"class_list":["post-350","page","type-page","status-publish","has-post-thumbnail","hentry"],"jetpack_sharing_enabled":true,"_links":{"self":[{"href":"https:\/\/detourscanoe.fr\/index.php?rest_route=\/wp\/v2\/pages\/350","targetHints":{"allow":["GET"]}}],"collection":[{"href":"https:\/\/detourscanoe.fr\/index.php?rest_route=\/wp\/v2\/pages"}],"about":[{"href":"https:\/\/detourscanoe.fr\/index.php?rest_route=\/wp\/v2\/types\/page"}],"author":[{"embeddable":true,"href":"https:\/\/detourscanoe.fr\/index.php?rest_route=\/wp\/v2\/users\/1"}],"replies":[{"embeddable":true,"href":"https:\/\/detourscanoe.fr\/index.php?rest_route=%2Fwp%2Fv2%2Fcomments&post=350"}],"version-history":[{"count":17,"href":"https:\/\/detourscanoe.fr\/index.php?rest_route=\/wp\/v2\/pages\/350\/revisions"}],"predecessor-version":[{"id":1318,"href":"https:\/\/detourscanoe.fr\/index.php?rest_route=\/wp\/v2\/pages\/350\/revisions\/1318"}],"wp:featuredmedia":[{"embeddable":true,"href":"https:\/\/detourscanoe.fr\/index.php?rest_route=\/wp\/v2\/media\/935"}],"wp:attachment":[{"href":"https:\/\/detourscanoe.fr\/index.php?rest_route=%2Fwp%2Fv2%2Fmedia&parent=350"}],"curies":[{"name":"wp","href":"https:\/\/api.w.org\/{rel}","templated":true}]}}